{"id":1241,"date":"2020-08-30T09:38:44","date_gmt":"2020-08-30T09:38:44","guid":{"rendered":"http:\/\/www.ideashapers.eu\/privacybeleid\/"},"modified":"2020-12-08T09:17:15","modified_gmt":"2020-12-08T09:17:15","slug":"politique-de-confidentialite","status":"publish","type":"page","link":"https:\/\/www.ideashapers.eu\/fr\/politique-de-confidentialite\/","title":{"rendered":"Politique de confidentialit\u00e9"},"content":{"rendered":"<div class=\"wpb-content-wrapper\">[vc_row][vc_column width=\u00a0\u00bb1\/6&Prime;][\/vc_column][vc_column width=\u00a0\u00bb2\/3&Prime;][vc_raw_html]JTNDYSUyMGhyZWYlM0QlMjJodHRwcyUzQSUyRiUyRnd3dy5pdWJlbmRhLmNvbSUyRnByaXZhY3ktcG9saWN5JTJGNjA4ODY5MzIlMjIlMjBjbGFzcyUzRCUyMml1YmVuZGEtd2hpdGUlMjBuby1icmFuZCUyMGl1YmVuZGEtZW1iZWQlMjBpdWItYm9keS1lbWJlZCUyMiUyMHRpdGxlJTNEJTIyUHJpdmFjeSUyMFBvbGljeSUyMiUzRVByaXZhY3klMjBQb2xpY3klM0MlMkZhJTNFJTNDc2NyaXB0JTIwdHlwZSUzRCUyMnRleHQlMkZqYXZhc2NyaXB0JTIyJTNFJTI4ZnVuY3Rpb24lMjAlMjh3JTJDZCUyOSUyMCU3QnZhciUyMGxvYWRlciUyMCUzRCUyMGZ1bmN0aW9uJTIwJTI4JTI5JTIwJTdCdmFyJTIwcyUyMCUzRCUyMGQuY3JlYXRlRWxlbWVudCUyOCUyMnNjcmlwdCUyMiUyOSUyQyUyMHRhZyUyMCUzRCUyMGQuZ2V0RWxlbWVudHNCeVRhZ05hbWUlMjglMjJzY3JpcHQlMjIlMjklNUIwJTVEJTNCJTIwcy5zcmMlM0QlMjJodHRwcyUzQSUyRiUyRmNkbi5pdWJlbmRhLmNvbSUyRml1YmVuZGEuanMlMjIlM0IlMjB0YWcucGFyZW50Tm9kZS5pbnNlcnRCZWZvcmUlMjhzJTJDdGFnJTI5JTNCJTdEJTNCJTIwaWYlMjh3LmFkZEV2ZW50TGlzdGVuZXIlMjklN0J3LmFkZEV2ZW50TGlzdGVuZXIlMjglMjJsb2FkJTIyJTJDJTIwbG9hZGVyJTJDJTIwZmFsc2UlMjklM0IlN0RlbHNlJTIwaWYlMjh3LmF0dGFjaEV2ZW50JTI5JTdCdy5hdHRhY2hFdmVudCUyOCUyMm9ubG9hZCUyMiUyQyUyMGxvYWRlciUyOSUzQiU3RGVsc2UlN0J3Lm9ubG9hZCUyMCUzRCUyMGxvYWRlciUzQiU3RCU3RCUyOSUyOHdpbmRvdyUyQyUyMGRvY3VtZW50JTI5JTNCJTNDJTJGc2NyaXB0JTNF[\/vc_raw_html][\/vc_column][vc_column width=\u00a0\u00bb1\/6&Prime;][\/vc_column][\/vc_row]\n<\/div>","protected":false},"excerpt":{"rendered":"<p>[vc_row][vc_column width=\u00a0\u00bb1\/6&Prime;][\/vc_column][vc_column width=\u00a0\u00bb2\/3&Prime;][vc_raw_html]JTNDYSUyMGhyZWYlM0QlMjJodHRwcyUzQSUyRiUyRnd3dy5pdWJlbmRhLmNvbSUyRnByaXZhY3ktcG9saWN5JTJGNjA4ODY5MzIlMjIlMjBjbGFzcyUzRCUyMml1YmVuZGEtd2hpdGUlMjBuby1icmFuZCUyMGl1YmVuZGEtZW1iZWQlMjBpdWItYm9keS1lbWJlZCUyMiUyMHRpdGxlJTNEJTIyUHJpdmFjeSUyMFBvbGljeSUyMiUzRVByaXZhY3klMjBQb2xpY3klM0MlMkZhJTNFJTNDc2NyaXB0JTIwdHlwZSUzRCUyMnRleHQlMkZqYXZhc2NyaXB0JTIyJTNFJTI4ZnVuY3Rpb24lMjAlMjh3JTJDZCUyOSUyMCU3QnZhciUyMGxvYWRlciUyMCUzRCUyMGZ1bmN0aW9uJTIwJTI4JTI5JTIwJTdCdmFyJTIwcyUyMCUzRCUyMGQuY3JlYXRlRWxlbWVudCUyOCUyMnNjcmlwdCUyMiUyOSUyQyUyMHRhZyUyMCUzRCUyMGQuZ2V0RWxlbWVudHNCeVRhZ05hbWUlMjglMjJzY3JpcHQlMjIlMjklNUIwJTVEJTNCJTIwcy5zcmMlM0QlMjJodHRwcyUzQSUyRiUyRmNkbi5pdWJlbmRhLmNvbSUyRml1YmVuZGEuanMlMjIlM0IlMjB0YWcucGFyZW50Tm9kZS5pbnNlcnRCZWZvcmUlMjhzJTJDdGFnJTI5JTNCJTdEJTNCJTIwaWYlMjh3LmFkZEV2ZW50TGlzdGVuZXIlMjklN0J3LmFkZEV2ZW50TGlzdGVuZXIlMjglMjJsb2FkJTIyJTJDJTIwbG9hZGVyJTJDJTIwZmFsc2UlMjklM0IlN0RlbHNlJTIwaWYlMjh3LmF0dGFjaEV2ZW50JTI5JTdCdy5hdHRhY2hFdmVudCUyOCUyMm9ubG9hZCUyMiUyQyUyMGxvYWRlciUyOSUzQiU3RGVsc2UlN0J3Lm9ubG9hZCUyMCUzRCUyMGxvYWRlciUzQiU3RCU3RCUyOSUyOHdpbmRvdyUyQyUyMGRvY3VtZW50JTI5JTNCJTNDJTJGc2NyaXB0JTNF[\/vc_raw_html][\/vc_column][vc_column width=\u00a0\u00bb1\/6&Prime;][\/vc_column][\/vc_row]<\/p>\n","protected":false},"author":1,"featured_media":0,"parent":0,"menu_order":0,"comment_status":"closed","ping_status":"open","template":"","meta":{"_seopress_robots_primary_cat":"","_seopress_titles_title":"","_seopress_titles_desc":"Ideashapers collabore de pr\u00e8s avec votre \u00e9quipe ! Demandez-nous de d\u00e9velopper vos id\u00e9es marcom, \u00e9v\u00e9nements ou autres projets pour renforcer votre corporate identity.","_seopress_robots_index":"","footnotes":""},"class_list":["post-1241","page","type-page","status-publish","hentry","entry","no-media"],"_links":{"self":[{"href":"https:\/\/www.ideashapers.eu\/fr\/wp-json\/wp\/v2\/pages\/1241","targetHints":{"allow":["GET"]}}],"collection":[{"href":"https:\/\/www.ideashapers.eu\/fr\/wp-json\/wp\/v2\/pages"}],"about":[{"href":"https:\/\/www.ideashapers.eu\/fr\/wp-json\/wp\/v2\/types\/page"}],"author":[{"embeddable":true,"href":"https:\/\/www.ideashapers.eu\/fr\/wp-json\/wp\/v2\/users\/1"}],"replies":[{"embeddable":true,"href":"https:\/\/www.ideashapers.eu\/fr\/wp-json\/wp\/v2\/comments?post=1241"}],"version-history":[{"count":4,"href":"https:\/\/www.ideashapers.eu\/fr\/wp-json\/wp\/v2\/pages\/1241\/revisions"}],"predecessor-version":[{"id":1456,"href":"https:\/\/www.ideashapers.eu\/fr\/wp-json\/wp\/v2\/pages\/1241\/revisions\/1456"}],"wp:attachment":[{"href":"https:\/\/www.ideashapers.eu\/fr\/wp-json\/wp\/v2\/media?parent=1241"}],"curies":[{"name":"wp","href":"https:\/\/api.w.org\/{rel}","templated":true}]}}