{"id":1238,"date":"2020-08-30T09:38:44","date_gmt":"2020-08-30T09:38:44","guid":{"rendered":"http:\/\/www.ideashapers.eu\/sample-page\/"},"modified":"2026-04-20T07:33:59","modified_gmt":"2026-04-20T07:33:59","slug":"sample-page","status":"publish","type":"page","link":"https:\/\/www.ideashapers.eu\/fr\/","title":{"rendered":"Accueil"},"content":{"rendered":"<div class=\"wpb-content-wrapper\">[vc_row full_width=\u00a0\u00bbstretch_row_content\u00a0\u00bb full_height=\u00a0\u00bbyes\u00a0\u00bb columns_placement=\u00a0\u00bbstretch\u00a0\u00bb equal_height=\u00a0\u00bbyes\u00a0\u00bb remove_bottom_col_margin=\u00a0\u00bbtrue\u00a0\u00bb][vc_column width=\u00a0\u00bb3\/5&Prime; el_class=\u00a0\u00bbcolor-mobile\u00a0\u00bb][vc_row_inner el_id=\u00a0\u00bbsite-header-custom\u00a0\u00bb el_class=\u00a0\u00bbcontainer\u00a0\u00bb][vc_column_inner]<div class=\"vcex-spacing wpex-w-100 wpex-clear\" style=\"height:60px;\"><\/div><nav class=\"vcex-navbar vcex-module home_navigatie\"><div class=\"vcex-navbar-inner wpex-clr wpex-last-mr-0\"><a href=\"https:\/\/www.ideashapers.eu\/sample-page\/\" class=\"vcex-navbar-link vcex-navbar-link--2 wpex-inline-block wpex-float-left wpex-mr-5 wpex-mb-5 theme-txt-link\"><span class=\"vcex-navbar-link-text\">Home<\/span><\/a><a href=\"https:\/\/www.ideashapers.eu\/services\/\" class=\"vcex-navbar-link vcex-navbar-link--194 wpex-inline-block wpex-float-left wpex-mr-5 wpex-mb-5 theme-txt-link\"><span class=\"vcex-navbar-link-text\">Services<\/span><\/a><a href=\"https:\/\/www.ideashapers.eu\/about\/\" class=\"vcex-navbar-link vcex-navbar-link--585 wpex-inline-block wpex-float-left wpex-mr-5 wpex-mb-5 theme-txt-link\"><span class=\"vcex-navbar-link-text\">About<\/span><\/a><a href=\"https:\/\/www.ideashapers.eu\/portfolio\/\" class=\"vcex-navbar-link vcex-navbar-link--308 wpex-inline-block wpex-float-left wpex-mr-5 wpex-mb-5 theme-txt-link\"><span class=\"vcex-navbar-link-text\">Portfolio<\/span><\/a><a href=\"https:\/\/www.ideashapers.eu\/contact\/\" class=\"vcex-navbar-link vcex-navbar-link--346 wpex-inline-block wpex-float-left wpex-mr-5 wpex-mb-5 theme-txt-link\"><span class=\"vcex-navbar-link-text\">Contact<\/span><\/a><\/div><\/nav><div class=\"vcex-spacing wpex-w-100 wpex-clear\" style=\"height:60px;\"><\/div>[\/vc_column_inner][\/vc_row_inner][vc_row_inner equal_height=\u00a0\u00bbyes\u00a0\u00bb el_class=\u00a0\u00bbcontainer\u00a0\u00bb][vc_column_inner]<style>.vcex-heading.vcex_69ee2159d83ec{color:#353839;line-height:1.6em;}<\/style><h1 class=\"vcex-heading vcex-heading-plain vcex-module wpex-heading wpex-text-2xl  wpb_animate_when_almost_visible wpb_fadeInDown fadeInDown vcex_69ee2159d83ec\"><span class=\"vcex-heading-inner wpex-block\"><span class=\"wpex-responsive-txt\" data-max-font-size=\"46\" data-data-min-font-size=\"30\">We shape your event space<\/span><\/span><\/h1><style>.vcex-heading.vcex_69ee2159d87ff{line-height:1.5em;}<\/style><h2 class=\"vcex-heading vcex-heading-plain vcex-module wpex-heading wpex-text-2xl  wpb_animate_when_almost_visible wpb_fadeInDown fadeInDown vcex_69ee2159d87ff\"><span class=\"vcex-heading-inner wpex-block\"><span class=\"wpex-responsive-txt\" data-max-font-size=\"28\" data-data-min-font-size=\"20\">\u201cinspired by your goals, focused on your plans\u201d<\/span><\/span><\/h2><div class=\"vcex-spacing wpex-w-100 wpex-clear\" style=\"height:20px;\"><\/div>[\/vc_column_inner][\/vc_row_inner][vc_row_inner equal_height=\u00a0\u00bbyes\u00a0\u00bb el_class=\u00a0\u00bbcontainer\u00a0\u00bb][vc_column_inner width=\u00a0\u00bb1\/2&Prime;][vc_column_text css=\u00a0\u00bb\u00a0\u00bb]Chez ideashapers, nous prenons en main l\u2019ensemble de l\u2019am\u00e9nagement de l&rsquo;espace \u2014 du concept \u00e0 la mise en \u0153uvre, des premi\u00e8res id\u00e9es aux moindres finitions. Nous cr\u00e9ons un environnement harmonieux, o\u00f9 tout semble juste.[\/vc_column_text]<div class=\"vcex-spacing wpex-w-100 wpex-clear\" style=\"height:40px;\"><\/div><a href=\"\/fr\/services\/\" class=\"vcex-button theme-button inline\"><span class=\"vcex-button-inner theme-button-inner wpex-flex wpex-flex-wrap wpex-items-center wpex-justify-center\">Nos services<\/span><\/a> <div class=\"vcex-spacing wpex-w-100 wpex-clear\" style=\"height:40px;\"><\/div>[\/vc_column_inner][vc_column_inner width=\u00a0\u00bb1\/2&Prime;]<div class=\"vcex-spacing wpex-w-100 wpex-clear hide-at-mm-breakpoint\" style=\"height:50px;\"><\/div><style>.vcex-image.vcex_69ee2159d95ac .vcex-image-inner{max-width:75%;}<\/style><figure class=\"vcex-image vcex-module wpex-text-right fluid-logo-home vcex_69ee2159d95ac\"><div class=\"vcex-image-inner wpex-relative wpex-inline-block\"><img width=\"9999\" loading=\"lazy\" class=\"vcex-image-img wpex-align-middle\" decoding=\"async\" src=\"https:\/\/www.ideashapers.eu\/wp-content\/uploads\/2020\/09\/ideashapers-full.svg\" alt=\"\" height=\"930\"><\/div><\/figure>[\/vc_column_inner][\/vc_row_inner][vc_row_inner equal_height=\u00a0\u00bbyes\u00a0\u00bb content_placement=\u00a0\u00bbbottom\u00a0\u00bb el_class=\u00a0\u00bbcontainer\u00a0\u00bb][vc_column_inner el_class=\u00a0\u00bbquoted-image\u00a0\u00bb width=\u00a0\u00bb1\/5&Prime;]<style>.vcex-image.vcex_69ee2159d9c68 .vcex-image-img{border-radius:50%;}<\/style><figure class=\"vcex-image vcex-module wpex-text-right fred-image vcex_69ee2159d9c68\"><div class=\"vcex-image-inner wpex-relative wpex-inline-block\"><img loading=\"lazy\" class=\"vcex-image-img wpex-align-middle\" decoding=\"async\" src=\"https:\/\/www.ideashapers.eu\/wp-content\/uploads\/2021\/04\/IMG_0953-800x800.jpg\" alt=\"\" srcset=\"https:\/\/www.ideashapers.eu\/wp-content\/uploads\/2021\/04\/IMG_0953-800x800.jpg 800w, https:\/\/www.ideashapers.eu\/wp-content\/uploads\/2021\/04\/IMG_0953-300x300.jpg 300w, https:\/\/www.ideashapers.eu\/wp-content\/uploads\/2021\/04\/IMG_0953-1024x1024.jpg 1024w, https:\/\/www.ideashapers.eu\/wp-content\/uploads\/2021\/04\/IMG_0953-150x150.jpg 150w, https:\/\/www.ideashapers.eu\/wp-content\/uploads\/2021\/04\/IMG_0953-768x768.jpg 768w, https:\/\/www.ideashapers.eu\/wp-content\/uploads\/2021\/04\/IMG_0953-1536x1536.jpg 1536w, https:\/\/www.ideashapers.eu\/wp-content\/uploads\/2021\/04\/IMG_0953-2048x2048.jpg 2048w\" width=\"800\" height=\"800\"><\/div><\/figure>[\/vc_column_inner][vc_column_inner width=\u00a0\u00bb4\/5&Prime;][vc_separator color=\u00a0\u00bbcustom\u00a0\u00bb border_width=\u00a0\u00bb2&Prime; accent_color=\u00a0\u00bb#a1d5ce\u00a0\u00bb el_class=\u00a0\u00bbquoted-line\u00a0\u00bb]<div class=\"vcex-spacing wpex-w-100 wpex-clear\" style=\"height:20px;\"><\/div><style>.vcex-heading.vcex_69ee2159da3a1{color:#45b39d;font-size:18px;font-family:Comfortaa;}<\/style><span class=\"vcex-heading vcex-heading-plain vcex-module wpex-heading wpex-text-2xl wpex-text-right quote vcex_69ee2159da3a1\"><span class=\"vcex-heading-inner wpex-inline-block\">\u201cThe bigger the challenge, the bigger our smile\u201d<\/span><\/span><div class=\"vcex-spacing wpex-w-100 wpex-clear\" style=\"height:20px;\"><\/div>[\/vc_column_inner][\/vc_row_inner]<div class=\"vcex-spacing wpex-w-100 wpex-clear\" style=\"height:300px;\"><\/div>[\/vc_column][vc_column width=\u00a0\u00bb2\/5&Prime; css=\u00a0\u00bb.vc_custom_1602011360816{padding-top: 5% !important;padding-right: 5% !important;padding-bottom: 5% !important;padding-left: 5% !important;background-image: url(https:\/\/www.ideashapers.eu\/wp-content\/uploads\/2020\/09\/charles-deluvio-w8m5mcM91rY-unsplash-scaled.jpg?id=64) !important;background-position: center !important;background-repeat: no-repeat !important;background-size: cover !important;}\u00a0\u00bb][vc_row_inner][vc_column_inner width=\u00a0\u00bb1\/5&Prime;][\/vc_column_inner][vc_column_inner width=\u00a0\u00bb4\/5&Prime;]<div class=\"vcex-spacing wpex-w-100 wpex-clear\" style=\"height:120px;\"><\/div>[vc_column_text css=\u00a0\u00bb\u00a0\u00bb font_weight=\u00a0\u00bbbold\u00a0\u00bb]\n<p class=\"p1\">Quel que soit l\u2019ampleur de votre \u00e9v\u00e9nement, les choix que vous faites dans l\u2019am\u00e9nagement de l\u2019espace font toute la diff\u00e9rence.<\/p>\n[\/vc_column_text]<div class=\"vcex-spacing wpex-w-100 wpex-clear\" style=\"height:20px;\"><\/div>[vc_column_text css=\u00a0\u00bb\u00a0\u00bb]\n<p class=\"p1\">Nous vous accompagnons dans cette r\u00e9flexion :<br data-start=\"693\" data-end=\"696\" \/><em>comment imaginez-vous le parcours de vos invit\u00e9s dans le lieu ?<\/em><\/p>\n[\/vc_column_text]<div class=\"vcex-spacing wpex-w-100 wpex-clear\" style=\"height:20px;\"><\/div><style>.vcex-heading.vcex_69ee2159dad05{color:#353839;}<\/style><h2 class=\"vcex-heading vcex-heading-plain vcex-module wpex-heading wpex-text-2xl vcex_69ee2159dad05\"><span class=\"vcex-heading-inner wpex-inline-block\">Faites appel \u00e0 ideashapers !<\/span><\/h2><div class=\"vcex-spacing wpex-w-100 wpex-clear\" style=\"height:20px;\"><\/div>[vc_column_text css=\u00a0\u00bb\u00a0\u00bb]\n<p data-start=\"232\" data-end=\"359\">Examinons ensemble votre plan et portons attention \u00e0 chaque espace.<br data-start=\"301\" data-end=\"304\" \/>L\u2019exp\u00e9rience doit \u00eatre juste, de l\u2019arriv\u00e9e au d\u00e9part.<\/p>\n<p data-start=\"361\" data-end=\"575\">Un fil conducteur relie les espaces d\u2019accueil et de networking \u00e0 la sc\u00e9nographie de la sc\u00e8ne, des buffets et des bars, aux points d\u2019information \u2014 voire \u00e0 un espace d\u2019exposition int\u00e9gr\u00e9, si le projet le pr\u00e9voit.<\/p>\n[\/vc_column_text]<div class=\"vcex-spacing wpex-w-100 wpex-clear\" style=\"height:40px;\"><\/div><a href=\"\/fr\/contact\/\" class=\"vcex-button theme-button align-right inline\"><span class=\"vcex-button-inner theme-button-inner wpex-flex wpex-flex-wrap wpex-items-center wpex-justify-center\">Envoyez-nous votre id\u00e9e<\/span><\/a> [\/vc_column_inner][\/vc_row_inner]<div class=\"vcex-spacing wpex-w-100 wpex-clear\" style=\"height:40px;\"><\/div>[vc_row_inner][vc_column_inner width=\u00a0\u00bb1\/2&Prime;][\/vc_column_inner][vc_column_inner width=\u00a0\u00bb1\/2&Prime;]<style>.vcex-heading.vcex_69ee2159db5cc{color:#353839;}<\/style><h3 class=\"vcex-heading vcex-heading-plain vcex-module wpex-heading wpex-text-2xl vcex_69ee2159db5cc\"><span class=\"vcex-heading-inner wpex-inline-block\">Nous nous int\u00e9grons \u00e0 votre \u00e9quipe\u2026<\/span><\/h3>[vc_column_text css=\u00a0\u00bb\u00a0\u00bb]\n<p class=\"p1\">pour que vous puissiez vous consacrer \u00e0 l\u2019essentiel : vos invit\u00e9s et le contenu de votre \u00e9v\u00e9nement.<\/p>\n[\/vc_column_text]<div class=\"vcex-spacing wpex-w-100 wpex-clear\" style=\"height:20px;\"><\/div><a href=\"\/fr\/about\/\" class=\"vcex-button theme-button align-right inline\"><span class=\"vcex-button-inner theme-button-inner wpex-flex wpex-flex-wrap wpex-items-center wpex-justify-center\">Faisons connaissance<\/span><\/a> [\/vc_column_inner][\/vc_row_inner]<div class=\"vcex-spacing wpex-w-100 wpex-clear show-at-mm-breakpoint\" style=\"height:40px;\"><\/div>[\/vc_column][\/vc_row]\n<\/div>","protected":false},"excerpt":{"rendered":"<p>[vc_row full_width=\u00a0\u00bbstretch_row_content\u00a0\u00bb full_height=\u00a0\u00bbyes\u00a0\u00bb columns_placement=\u00a0\u00bbstretch\u00a0\u00bb equal_height=\u00a0\u00bbyes\u00a0\u00bb remove_bottom_col_margin=\u00a0\u00bbtrue\u00a0\u00bb][vc_column width=\u00a0\u00bb3\/5&Prime; el_class=\u00a0\u00bbcolor-mobile\u00a0\u00bb][vc_row_inner el_id=\u00a0\u00bbsite-header-custom\u00a0\u00bb el_class=\u00a0\u00bbcontainer\u00a0\u00bb][vc_column_inner][\/vc_column_inner][\/vc_row_inner][vc_row_inner equal_height=\u00a0\u00bbyes\u00a0\u00bb el_class=\u00a0\u00bbcontainer\u00a0\u00bb][vc_column_inner][\/vc_column_inner][\/vc_row_inner][vc_row_inner equal_height=\u00a0\u00bbyes\u00a0\u00bb el_class=\u00a0\u00bbcontainer\u00a0\u00bb][vc_column_inner width=\u00a0\u00bb1\/2&Prime;][vc_column_text css=\u00a0\u00bb\u00a0\u00bb]Chez ideashapers, nous prenons en main l\u2019ensemble de l\u2019am\u00e9nagement de l&rsquo;espace \u2014 du concept \u00e0 la mise en \u0153uvre, des premi\u00e8res id\u00e9es aux moindres finitions. Nous cr\u00e9ons un environnement harmonieux, o\u00f9 tout semble juste.[\/vc_column_text][\/vc_column_inner][vc_column_inner width=\u00a0\u00bb1\/2&Prime;][\/vc_column_inner][\/vc_row_inner][vc_row_inner equal_height=\u00a0\u00bbyes\u00a0\u00bb content_placement=\u00a0\u00bbbottom\u00a0\u00bb el_class=\u00a0\u00bbcontainer\u00a0\u00bb][vc_column_inner el_class=\u00a0\u00bbquoted-image\u00a0\u00bb width=\u00a0\u00bb1\/5&Prime;][\/vc_column_inner][vc_column_inner&hellip;<\/p>\n","protected":false},"author":1,"featured_media":0,"parent":0,"menu_order":0,"comment_status":"closed","ping_status":"open","template":"","meta":{"_seopress_robots_primary_cat":"","_seopress_titles_title":"","_seopress_titles_desc":"Ideashapers collabore de pr\u00e8s avec votre \u00e9quipe ! Demandez-nous de d\u00e9velopper vos id\u00e9es marcom, \u00e9v\u00e9nements ou autres projets pour renforcer votre corporate identity.","_seopress_robots_index":"","footnotes":""},"class_list":["post-1238","page","type-page","status-publish","hentry","entry","no-media"],"_links":{"self":[{"href":"https:\/\/www.ideashapers.eu\/fr\/wp-json\/wp\/v2\/pages\/1238","targetHints":{"allow":["GET"]}}],"collection":[{"href":"https:\/\/www.ideashapers.eu\/fr\/wp-json\/wp\/v2\/pages"}],"about":[{"href":"https:\/\/www.ideashapers.eu\/fr\/wp-json\/wp\/v2\/types\/page"}],"author":[{"embeddable":true,"href":"https:\/\/www.ideashapers.eu\/fr\/wp-json\/wp\/v2\/users\/1"}],"replies":[{"embeddable":true,"href":"https:\/\/www.ideashapers.eu\/fr\/wp-json\/wp\/v2\/comments?post=1238"}],"version-history":[{"count":18,"href":"https:\/\/www.ideashapers.eu\/fr\/wp-json\/wp\/v2\/pages\/1238\/revisions"}],"predecessor-version":[{"id":1924,"href":"https:\/\/www.ideashapers.eu\/fr\/wp-json\/wp\/v2\/pages\/1238\/revisions\/1924"}],"wp:attachment":[{"href":"https:\/\/www.ideashapers.eu\/fr\/wp-json\/wp\/v2\/media?parent=1238"}],"curies":[{"name":"wp","href":"https:\/\/api.w.org\/{rel}","templated":true}]}}