{"id":1122,"date":"2020-09-30T14:27:56","date_gmt":"2020-09-30T14:27:56","guid":{"rendered":"http:\/\/www.ideashapers.eu\/services\/"},"modified":"2026-04-20T08:00:16","modified_gmt":"2026-04-20T08:00:16","slug":"services","status":"publish","type":"page","link":"https:\/\/www.ideashapers.eu\/fr\/services\/","title":{"rendered":"Services"},"content":{"rendered":"<div class=\"wpb-content-wrapper\">[vc_row full_width=\u00a0\u00bbstretch_row_content\u00a0\u00bb equal_height=\u00a0\u00bbyes\u00a0\u00bb remove_bottom_col_margin=\u00a0\u00bbtrue\u00a0\u00bb][vc_column typography_style=\u00a0\u00bbwhite\u00a0\u00bb width=\u00a0\u00bb1\/2&Prime; css=\u00a0\u00bb.vc_custom_1604499927048{padding-top: 5vh !important;padding-right: 10vh !important;padding-left: 10vh !important;background-color: #353839 !important;background-position: center !important;background-repeat: no-repeat !important;background-size: cover !important;}\u00a0\u00bb el_class=\u00a0\u00bbgrayblock\u00a0\u00bb]<style>.vcex-heading.vcex_69f2b86dada8a{color:#d0d3d3;}<\/style><h2 class=\"vcex-heading vcex-heading-plain vcex-module wpex-heading wpex-text-2xl vcex_69f2b86dada8a\"><span class=\"vcex-heading-inner wpex-inline-block\">Avez-vous d\u00e9j\u00e0 envisag\u00e9 que, pour des \u00e9v\u00e9nements de moyenne \u00e0 grande envergure, le venue dressing soit une mission \u00e0 temps plein ?<\/span><\/h2><div class=\"vcex-spacing wpex-w-100 wpex-clear\" style=\"height:40px;\"><\/div><style>.vcex-heading.vcex_69f2b86dae092{color:#a1d5ce;font-size:20px;font-weight:600;}<\/style><h3 class=\"vcex-heading vcex-heading-plain vcex-module wpex-heading wpex-text-2xl vcex_69f2b86dae092\"><span class=\"vcex-heading-inner wpex-inline-block\">Ideashapers entre en sc\u00e8ne !<\/span><\/h3><div class=\"vcex-spacing wpex-w-100 wpex-clear\" style=\"height:40px;\"><\/div>[vc_column_text css=\u00a0\u00bb\u00a0\u00bb color=\u00a0\u00bb#ffffff\u00a0\u00bb]\n<p class=\"p3\">Je l\u2019ai compris il y a des ann\u00e9es. Aujourd\u2019hui, je me concentre enti\u00e8rement sur l\u2019am\u00e9nagement et l\u2019identit\u00e9 des lieux. Le venue dressing est une discipline cr\u00e9ative et fonctionnelle \u2014 pas du design pour le design. Mes 20 ann\u00e9es d\u2019exp\u00e9rience comme event manager y contribuent naturellement.<\/p>\n<p><strong>Le venue dressing est un m\u00e9tier dans le m\u00e9tier.<\/strong><\/p>\n<p>Int\u00e9grez ideashapers \u00e0 votre \u00e9quipe pour rester concentr\u00e9 sur vos invit\u00e9s, votre contenu et l\u2019exp\u00e9rience globale. Surtout dans la phase finale, lorsque la production s\u2019intensifie, nous cr\u00e9ons l\u2019espace n\u00e9cessaire pour vos propres priorit\u00e9s et votre tranquillit\u00e9 d\u2019esprit.[\/vc_column_text]<div class=\"vcex-spacing wpex-w-100 wpex-clear\" style=\"height:40px;\"><\/div><style>.vcex-button.vcex_69f2b86dae91e{background:#64b09e;color:#ffffff!important;}.vcex-button.vcex_69f2b86dae91e:hover{background:#589b90!important;}<\/style><a href=\"\/fr\/contact\/\" class=\"vcex-button theme-button inline vcex_69f2b86dae91e\"><span class=\"vcex-button-inner theme-button-inner wpex-flex wpex-flex-wrap wpex-items-center wpex-justify-center\">Faites appel \u00e0 nous<\/span><\/a> <div class=\"vcex-spacing wpex-w-100 wpex-clear\" style=\"height:40px;\"><\/div>[\/vc_column][vc_column width=\u00a0\u00bb1\/2&Prime; css=\u00a0\u00bb.vc_custom_1604257749012{padding-top: 5vh !important;}\u00a0\u00bb]<div class=\"vcex-spacing wpex-w-100 wpex-clear\" style=\"height:55px;\"><\/div><h1 class=\"vcex-heading vcex-heading-plain vcex-module wpex-heading wpex-text-2xl\"><span class=\"vcex-heading-inner wpex-inline-block\">ideashapers \u2014 votre partenaire en venue dressing.<\/span><\/h1><div class=\"vcex-spacing wpex-w-100 wpex-clear\" style=\"height:15px;\"><\/div>[vc_column_text css=\u00a0\u00bb\u00a0\u00bb]\n<h2>Nous vous accompagnons dans :<\/h2>\n[\/vc_column_text]<div class=\"vcex-spacing wpex-w-100 wpex-clear\" style=\"height:20px;\"><\/div><div class=\"vcex-module vcex-bullets vcex-bullets--vertical vcex-bullets-ni id-shapers-icon\">\n<ul role=\"list\">\n<li>l\u2019optimisation du plan, avec une attention particuli\u00e8re \u00e0 la fluidit\u00e9 des circulations<\/li>\n<li>la mise en sc\u00e8ne de l\u2019accueil \u2014 avec, si souhait\u00e9, un \u00e9l\u00e9ment visuel marquant<\/li>\n<li>la s\u00e9lection d\u2019un mobilier de location, compl\u00e9t\u00e9 par les \u00e9l\u00e9ments disponibles sur place<\/li>\n<li>l\u2019int\u00e9gration florale, avec une s\u00e9lection de fleurs et de plantes pens\u00e9e dans le d\u00e9tail<\/li>\n<li>l\u2019ajout d\u2019\u00e9l\u00e9ments d\u00e9coratifs, sans surcharger l\u2019espace<\/li>\n<li>la valorisation du podium, au-del\u00e0 des configurations standards<\/li>\n<li>l\u2019ajustement de l\u2019ambiance lumineuse, en \u00e9troite collaboration avec votre partenaire AV<\/li>\n<li>la cr\u00e9ation de rep\u00e8res visuels forts, en print comme en digital<\/li>\n<li>la conception et la r\u00e9alisation de points de contenu ou m\u00eame d\u2019une exposition compl\u00e8te<\/li>\n<li>l\u2019harmonisation de l\u2019identit\u00e9 de votre \u00e9v\u00e9nement sur l\u2019ensemble des supports<\/li>\n<\/ul>\n<\/div>[\/vc_column][\/vc_row][vc_row full_width=\u00a0\u00bbstretch_row\u00a0\u00bb content_placement=\u00a0\u00bbbottom\u00a0\u00bb css=\u00a0\u00bb.vc_custom_1776671888532{padding-top: 5vh !important;padding-bottom: 5vh !important;background-color: #a1d5ce !important;}\u00a0\u00bb][vc_column][vc_column_text css=\u00a0\u00bb\u00a0\u00bb el_class=\u00a0\u00bbgoodtoknow\u00a0\u00bb]\n<h2>Vous pouvez compter sur :<\/h2>\n<p class=\"p3\">\u2022 un esprit cr\u00e9atif, avec une forte sensibilit\u00e9 visuelle<br data-start=\"312\" data-end=\"315\" \/>\u2022 une attention sinc\u00e8re port\u00e9e aux moindres d\u00e9tails<br data-start=\"366\" data-end=\"369\" \/>\u2022 une solide expertise transversale, ancr\u00e9e dans la pratique \u2014 avec le regard d\u2019un event manager<br data-start=\"465\" data-end=\"468\" \/>\u2022 une bonne connaissance des mat\u00e9riaux et de leur interaction avec l\u2019espace<br data-start=\"543\" data-end=\"546\" \/>\u2022 un r\u00e9seau de partenaires fiables et de confiance<br data-start=\"596\" data-end=\"599\" \/>\u2022 un point de contact unique pour l\u2019ensemble des livraisons et des intervenants<\/p>\n[\/vc_column_text][\/vc_column][\/vc_row]\n<\/div>","protected":false},"excerpt":{"rendered":"<p>[vc_row full_width=\u00a0\u00bbstretch_row_content\u00a0\u00bb equal_height=\u00a0\u00bbyes\u00a0\u00bb remove_bottom_col_margin=\u00a0\u00bbtrue\u00a0\u00bb][vc_column typography_style=\u00a0\u00bbwhite\u00a0\u00bb width=\u00a0\u00bb1\/2&Prime; css=\u00a0\u00bb.vc_custom_1604499927048{padding-top: 5vh !important;padding-right: 10vh !important;padding-left: 10vh !important;background-color: #353839 !important;background-position: center !important;background-repeat: no-repeat !important;background-size: cover !important;}\u00a0\u00bb el_class=\u00a0\u00bbgrayblock\u00a0\u00bb][vc_column_text css=\u00a0\u00bb\u00a0\u00bb color=\u00a0\u00bb#ffffff\u00a0\u00bb] Je l\u2019ai compris il y a des ann\u00e9es. Aujourd\u2019hui, je me concentre enti\u00e8rement sur l\u2019am\u00e9nagement et l\u2019identit\u00e9 des lieux. Le venue dressing est une discipline cr\u00e9ative et fonctionnelle \u2014 pas du&hellip;<\/p>\n","protected":false},"author":1,"featured_media":0,"parent":0,"menu_order":0,"comment_status":"closed","ping_status":"open","template":"","meta":{"_seopress_robots_primary_cat":"","_seopress_titles_title":"","_seopress_titles_desc":"Ideashapers collabore de pr\u00e8s avec votre \u00e9quipe ! Demandez-nous de d\u00e9velopper vos id\u00e9es marcom, \u00e9v\u00e9nements ou autres projets pour renforcer votre corporate identity.","_seopress_robots_index":"","footnotes":""},"class_list":["post-1122","page","type-page","status-publish","hentry","entry","no-media"],"_links":{"self":[{"href":"https:\/\/www.ideashapers.eu\/fr\/wp-json\/wp\/v2\/pages\/1122","targetHints":{"allow":["GET"]}}],"collection":[{"href":"https:\/\/www.ideashapers.eu\/fr\/wp-json\/wp\/v2\/pages"}],"about":[{"href":"https:\/\/www.ideashapers.eu\/fr\/wp-json\/wp\/v2\/types\/page"}],"author":[{"embeddable":true,"href":"https:\/\/www.ideashapers.eu\/fr\/wp-json\/wp\/v2\/users\/1"}],"replies":[{"embeddable":true,"href":"https:\/\/www.ideashapers.eu\/fr\/wp-json\/wp\/v2\/comments?post=1122"}],"version-history":[{"count":15,"href":"https:\/\/www.ideashapers.eu\/fr\/wp-json\/wp\/v2\/pages\/1122\/revisions"}],"predecessor-version":[{"id":1934,"href":"https:\/\/www.ideashapers.eu\/fr\/wp-json\/wp\/v2\/pages\/1122\/revisions\/1934"}],"wp:attachment":[{"href":"https:\/\/www.ideashapers.eu\/fr\/wp-json\/wp\/v2\/media?parent=1122"}],"curies":[{"name":"wp","href":"https:\/\/api.w.org\/{rel}","templated":true}]}}