{"id":1100,"date":"2020-10-02T16:00:13","date_gmt":"2020-10-02T16:00:13","guid":{"rendered":"http:\/\/www.ideashapers.eu\/contact\/"},"modified":"2026-04-20T08:45:58","modified_gmt":"2026-04-20T08:45:58","slug":"contact","status":"publish","type":"page","link":"https:\/\/www.ideashapers.eu\/fr\/contact\/","title":{"rendered":"Contact"},"content":{"rendered":"<div class=\"wpb-content-wrapper\">[vc_row el_class=\u00a0\u00bbcolor-mobile\u00a0\u00bb][vc_column width=\u00a0\u00bb3\/5&Prime;]<div class=\"vcex-spacing wpex-w-100 wpex-clear\" style=\"height:50px;\"><\/div><h1 class=\"vcex-heading vcex-heading-plain vcex-module wpex-heading wpex-text-2xl dotted\"><span class=\"vcex-heading-inner wpex-inline-block\">Have you got ideas to shape?<\/span><\/h1><div class=\"vcex-spacing wpex-w-100 wpex-clear\" style=\"height:10px;\"><\/div><style>.vcex-heading.vcex_69f5be356369d{font-size:var(--wpex-text-xs);}<\/style><div class=\"vcex-heading vcex-heading-plain vcex-module wpex-heading wpex-text-2xl vcex_69f5be356369d\"><span class=\"vcex-heading-inner wpex-inline-block\"> Frederik Baert \u2022 your ideashaper \u2022 <a href=\"tel:003292333006\">+32 9 233 30 06<\/a> \u2022 <a href=\"mailto:frederik@ideashapers.eu\">frederik@ideashapers.eu<\/a><\/span><\/div>[\/vc_column][vc_column width=\u00a0\u00bb2\/5&Prime;]<div class=\"vcex-spacing wpex-w-100 wpex-clear hide-at-mm-breakpoint\" style=\"height:20px;\"><\/div><style>.vcex-image.vcex_69f5be3563d1a .vcex-image-inner{max-width:400px;}<\/style><figure class=\"vcex-image vcex-module wpex-text-center hide-at-mm-breakpoint vcex_69f5be3563d1a\"><div class=\"vcex-image-inner wpex-relative wpex-inline-block\"><a href=\"http:\/\/www.ideashapers.eu\/\" title=\"Home\"><img width=\"400\" loading=\"lazy\" class=\"vcex-image-img wpex-align-middle\" decoding=\"async\" src=\"https:\/\/www.ideashapers.eu\/wp-content\/uploads\/2020\/09\/logo-ideashapers-full.svg\" alt=\"\" height=\"837\"><\/a><\/div><\/figure>[\/vc_column][\/vc_row][vc_row full_width=\u00a0\u00bbstretch_row_content\u00a0\u00bb column_spacing=\u00a0\u00bb0px\u00a0\u00bb full_height=\u00a0\u00bbyes\u00a0\u00bb columns_placement=\u00a0\u00bbstretch\u00a0\u00bb equal_height=\u00a0\u00bbyes\u00a0\u00bb remove_bottom_col_margin=\u00a0\u00bbtrue\u00a0\u00bb][vc_column width=\u00a0\u00bb3\/5&Prime; css=\u00a0\u00bb.vc_custom_1602340757563{background-image: url(https:\/\/www.ideashapers.eu\/wp-content\/uploads\/2020\/10\/kobu-agency-o8ZesB0MLFo-unsplash-scaled.jpg?id=359) !important;background-position: center !important;background-repeat: no-repeat !important;background-size: cover !important;}\u00a0\u00bb wpex_bg_position=\u00a0\u00bbright center\u00a0\u00bb]<div class=\"vcex-spacing wpex-w-100 wpex-clear\" style=\"height:150px;\"><\/div>[\/vc_column][vc_column width=\u00a0\u00bb2\/5&Prime;][vc_row_inner el_class=\u00a0\u00bbid-rounded-shape\u00a0\u00bb][vc_column_inner][vc_column_text font_weight=\u00a0\u00bb400&Prime;]\n<p class=\"p1\">Vous \u00eates une entreprise bas\u00e9e en Belgique ou aux Pays-Bas\u00a0? Nous vous aidons dans la gestion et la mise en \u0153uvre de tous vos projets qui impliquent du design visuel, de l\u2019am\u00e9nagement int\u00e9rieur ou de la d\u00e9coration. D\u2019une id\u00e9e solide \u00e0 sa r\u00e9alisation, en passant par le planning. We\u2019re your ideashapers!<\/p>\n[\/vc_column_text]<div class=\"vcex-spacing wpex-w-100 wpex-clear\" style=\"height:50px;\"><\/div>[vc_column_text]\n<p class=\"p1\" style=\"text-align: center;\"><em>\u00ab Votre id\u00e9e de projet est r\u00e9ussie si vous cr\u00e9ez de la magie. Cela me rend heureux de voir des gens prendre spontan\u00e9ment une photo de la r\u00e9alisation. \u00bb<\/em><\/p>\n<p class=\"p1\" style=\"text-align: center;\"><strong>Frederik Baert, ideashapers<\/strong><\/p>\n[\/vc_column_text][\/vc_column_inner][\/vc_row_inner][vc_row_inner el_class=\u00a0\u00bbrounded-col\u00a0\u00bb css=\u00a0\u00bb.vc_custom_1602096200797{padding-top: 80px !important;padding-right: 80px !important;padding-left: 80px !important;background-color: #45b39d !important;}\u00a0\u00bb][vc_column_inner]<style>.vcex-heading.vcex_69f5be3564635{color:#ffffff;}<\/style><h2 class=\"vcex-heading vcex-heading-plain vcex-module wpex-heading wpex-text-2xl vcex_69f5be3564635\"><span class=\"vcex-heading-inner wpex-inline-block\">Contactez-nous avec vos projets en attente<\/span><\/h2><div class=\"vcex-spacing wpex-w-100 wpex-clear\" style=\"height:5vh;\"><\/div><script>\nvar gform;gform||(document.addEventListener(\"gform_main_scripts_loaded\",function(){gform.scriptsLoaded=!0}),document.addEventListener(\"gform\/theme\/scripts_loaded\",function(){gform.themeScriptsLoaded=!0}),window.addEventListener(\"DOMContentLoaded\",function(){gform.domLoaded=!0}),gform={domLoaded:!1,scriptsLoaded:!1,themeScriptsLoaded:!1,isFormEditor:()=>\"function\"==typeof InitializeEditor,callIfLoaded:function(o){return!(!gform.domLoaded||!gform.scriptsLoaded||!gform.themeScriptsLoaded&&!gform.isFormEditor()||(gform.isFormEditor()&&console.warn(\"The use of gform.initializeOnLoaded() is deprecated in the form editor context and will be removed in Gravity Forms 3.1.\"),o(),0))},initializeOnLoaded:function(o){gform.callIfLoaded(o)||(document.addEventListener(\"gform_main_scripts_loaded\",()=>{gform.scriptsLoaded=!0,gform.callIfLoaded(o)}),document.addEventListener(\"gform\/theme\/scripts_loaded\",()=>{gform.themeScriptsLoaded=!0,gform.callIfLoaded(o)}),window.addEventListener(\"DOMContentLoaded\",()=>{gform.domLoaded=!0,gform.callIfLoaded(o)}))},hooks:{action:{},filter:{}},addAction:function(o,r,e,t){gform.addHook(\"action\",o,r,e,t)},addFilter:function(o,r,e,t){gform.addHook(\"filter\",o,r,e,t)},doAction:function(o){gform.doHook(\"action\",o,arguments)},applyFilters:function(o){return gform.doHook(\"filter\",o,arguments)},removeAction:function(o,r){gform.removeHook(\"action\",o,r)},removeFilter:function(o,r,e){gform.removeHook(\"filter\",o,r,e)},addHook:function(o,r,e,t,n){null==gform.hooks[o][r]&&(gform.hooks[o][r]=[]);var d=gform.hooks[o][r];null==n&&(n=r+\"_\"+d.length),gform.hooks[o][r].push({tag:n,callable:e,priority:t=null==t?10:t})},doHook:function(r,o,e){var t;if(e=Array.prototype.slice.call(e,1),null!=gform.hooks[r][o]&&((o=gform.hooks[r][o]).sort(function(o,r){return o.priority-r.priority}),o.forEach(function(o){\"function\"!=typeof(t=o.callable)&&(t=window[t]),\"action\"==r?t.apply(null,e):e[0]=t.apply(null,e)})),\"filter\"==r)return e[0]},removeHook:function(o,r,t,n){var e;null!=gform.hooks[o][r]&&(e=(e=gform.hooks[o][r]).filter(function(o,r,e){return!!(null!=n&&n!=o.tag||null!=t&&t!=o.priority)}),gform.hooks[o][r]=e)}});\n<\/script>\n\n                <div class='gf_browser_gecko gform_wrapper gform_legacy_markup_wrapper gform-theme--no-framework' data-form-theme='legacy' data-form-index='0' id='gform_wrapper_5' ><div id='gf_5' class='gform_anchor' tabindex='-1'><\/div><form method='post' enctype='multipart\/form-data' target='gform_ajax_frame_5' id='gform_5'  action='\/fr\/wp-json\/wp\/v2\/pages\/1100#gf_5' data-formid='5' novalidate>\n                        <div class='gform-body gform_body'><ul id='gform_fields_5' class='gform_fields top_label form_sublabel_below description_below validation_below'><li id=\"field_5_1\" class=\"gfield gfield--type-text gfield_contains_required field_sublabel_below gfield--no-description field_description_below hidden_label field_validation_below gfield_visibility_visible\"  ><label class='gfield_label gform-field-label' for='input_5_1'>Naam<span class=\"gfield_required\"><span class=\"gfield_required gfield_required_asterisk\">*<\/span><\/span><\/label><div class='ginput_container ginput_container_text'><input name='input_1' id='input_5_1' type='text' value='' class='large'    placeholder='Nom' aria-required=\"true\" aria-invalid=\"false\"   \/><\/div><\/li><li id=\"field_5_3\" class=\"gfield gfield--type-email field_sublabel_below gfield--no-description field_description_below hidden_label field_validation_below gfield_visibility_visible\"  ><label class='gfield_label gform-field-label' for='input_5_3'>E-mailadres<\/label><div class='ginput_container ginput_container_email'>\n                            <input name='input_3' id='input_5_3' type='email' value='' class='large'   placeholder='Adresse e-mail'  aria-invalid=\"false\"  \/>\n                        <\/div><\/li><li id=\"field_5_5\" class=\"gfield gfield--type-phone field_sublabel_below gfield--no-description field_description_below hidden_label field_validation_below gfield_visibility_visible\"  ><label class='gfield_label gform-field-label' for='input_5_5'>Telefoon<\/label><div class='ginput_container ginput_container_phone'><input name='input_5' id='input_5_5' type='tel' value='' class='large'  placeholder='T\u00e9l\u00e9phone'  aria-invalid=\"false\"   \/><\/div><\/li><li id=\"field_5_6\" class=\"gfield gfield--type-textarea field_sublabel_below gfield--no-description field_description_below hidden_label field_validation_below gfield_visibility_visible\"  ><label class='gfield_label gform-field-label' for='input_5_6'>Bericht<\/label><div class='ginput_container ginput_container_textarea'><textarea name='input_6' id='input_5_6' class='textarea small'    placeholder='D\u00e9crivez bri\u00e8vement votre id\u00e9e de projet'  aria-invalid=\"false\"   rows='10' cols='50'><\/textarea><\/div><\/li><li id=\"field_5_4\" class=\"gfield gfield--type-consent gfield--type-choice gfield--input-type-consent gfield_contains_required field_sublabel_below gfield--no-description field_description_below hidden_label field_validation_below gfield_visibility_visible\"  ><label class='gfield_label gform-field-label gfield_label_before_complex' >Toestemming<span class=\"gfield_required\"><span class=\"gfield_required gfield_required_asterisk\">*<\/span><\/span><\/label><div class='ginput_container ginput_container_consent'><input name='input_4.1' id='input_5_4_1' type='checkbox' value='1'   aria-required=\"true\" aria-invalid=\"false\"   \/> <label class=\"gform-field-label gform-field-label--type-inline gfield_consent_label\" for='input_5_4_1' >J'accepte la <a href=\"\/fr\/politique-de-confidentialite\" style=\"color: #353839; text-decoration: underline;\">politique de confidentialit\u00e9<\/a>.<span class=\"gfield_required gfield_required_asterisk\">*<\/span><\/label><input type='hidden' name='input_4.2' value='J&#039;accepte la &lt;a href=&quot;\/fr\/politique-de-confidentialite&quot; style=&quot;color: #353839; text-decoration: underline;&quot;&gt;politique de confidentialit\u00e9&lt;\/a&gt;.' class='gform_hidden' \/><input type='hidden' name='input_4.3' value='5' class='gform_hidden' \/><\/div><\/li><\/ul><\/div>\n        <div class='gform-footer gform_footer top_label'> <input type='submit' id='gform_submit_button_5' class='gform_button button' onclick='gform.submission.handleButtonClick(this);' data-submission-type='submit' value='Envoyer'  \/> <input type='hidden' name='gform_ajax' value='form_id=5&amp;title=&amp;description=&amp;tabindex=0&amp;theme=legacy&amp;styles=[]&amp;hash=e3a0a83ee6d3769832b193c24c2ff8a9' \/>\n            <input type='hidden' class='gform_hidden' name='gform_submission_method' data-js='gform_submission_method_5' value='iframe' \/>\n            <input type='hidden' class='gform_hidden' name='gform_theme' data-js='gform_theme_5' id='gform_theme_5' value='legacy' \/>\n            <input type='hidden' class='gform_hidden' name='gform_style_settings' data-js='gform_style_settings_5' id='gform_style_settings_5' value='[]' \/>\n            <input type='hidden' class='gform_hidden' name='is_submit_5' value='1' \/>\n            <input type='hidden' class='gform_hidden' name='gform_submit' value='5' \/>\n            \n            <input type='hidden' class='gform_hidden' name='gform_currency' data-currency='EUR' value='tcsXxrL3k6Df+AtfSmPzRogKsQW6hlJcoWH8kK3q2uyhhxLwZej0fGGqnqBda+hs+G0xLhgMlo1qkkjT8vvIJ7Njk8CFB6DuCD1XmJeJ9j\/9DII=' \/>\n            <input type='hidden' class='gform_hidden' name='gform_unique_id' value='' \/>\n            <input type='hidden' class='gform_hidden' name='state_5' value='WyJ7XCI0LjFcIjpcImE1YWI3MDg4MDlhOGE1MTgwNGI1ZTNlZWU4NWQyNTk2XCIsXCI0LjJcIjpcIjA2ODNjZTAxY2MzNWUyN2Q2ZTlkZmY2YjMzOGU3ZDYzXCIsXCI0LjNcIjpcIjAxMTFiZmYxOThiNDEyY2Q5MmEzMDA0OTMxMzUxYTZhXCJ9IiwiODUyNmE2ZGI2ODY5ZmFiMzYxMzI1ODAwZTAwNmJhNDciXQ==' \/>\n            <input type='hidden' autocomplete='off' class='gform_hidden' name='gform_target_page_number_5' id='gform_target_page_number_5' value='0' \/>\n            <input type='hidden' autocomplete='off' class='gform_hidden' name='gform_source_page_number_5' id='gform_source_page_number_5' value='1' \/>\n            <input type='hidden' name='gform_field_values' value='' \/>\n            \n        <\/div>\n                        <p style=\"display: none !important;\" class=\"akismet-fields-container\" data-prefix=\"ak_\"><label>&#916;<textarea name=\"ak_hp_textarea\" cols=\"45\" rows=\"8\" maxlength=\"100\"><\/textarea><\/label><input type=\"hidden\" id=\"ak_js_1\" name=\"ak_js\" value=\"27\"\/><script>\ndocument.getElementById( \"ak_js_1\" ).setAttribute( \"value\", ( new Date() ).getTime() );\n<\/script>\n<\/p><\/form>\n                        <\/div>\n\t\t                <iframe style='display:none;width:0px;height:0px;' src='about:blank' name='gform_ajax_frame_5' id='gform_ajax_frame_5' title='Cette iframe contient la logique n\u00e9cessaire pour manipuler Gravity Forms avec Ajax.'><\/iframe>\n\t\t                <script>\ngform.initializeOnLoaded( function() {gformInitSpinner( 5, 'https:\/\/www.ideashapers.eu\/wp-content\/plugins\/gravityforms\/images\/spinner.svg', true );jQuery('#gform_ajax_frame_5').on('load',function(){var contents = jQuery(this).contents().find('*').html();var is_postback = contents.indexOf('GF_AJAX_POSTBACK') >= 0;if(!is_postback){return;}var form_content = jQuery(this).contents().find('#gform_wrapper_5');var is_confirmation = jQuery(this).contents().find('#gform_confirmation_wrapper_5').length > 0;var is_redirect = contents.indexOf('gformRedirect(){') >= 0;var is_form = form_content.length > 0 && ! is_redirect && ! is_confirmation;var mt = parseInt(jQuery('html').css('margin-top'), 10) + parseInt(jQuery('body').css('margin-top'), 10) + 100;if(is_form){jQuery('#gform_wrapper_5').html(form_content.html());if(form_content.hasClass('gform_validation_error')){jQuery('#gform_wrapper_5').addClass('gform_validation_error');} else {jQuery('#gform_wrapper_5').removeClass('gform_validation_error');}setTimeout( function() { \/* delay the scroll by 50 milliseconds to fix a bug in chrome *\/ jQuery(document).scrollTop(jQuery('#gform_wrapper_5').offset().top - mt); }, 50 );if(window['gformInitDatepicker']) {gformInitDatepicker();}if(window['gformInitPriceFields']) {gformInitPriceFields();}var current_page = jQuery('#gform_source_page_number_5').val();gformInitSpinner( 5, 'https:\/\/www.ideashapers.eu\/wp-content\/plugins\/gravityforms\/images\/spinner.svg', true );jQuery(document).trigger('gform_page_loaded', [5, current_page]);window['gf_submitting_5'] = false;}else if(!is_redirect){var confirmation_content = jQuery(this).contents().find('.GF_AJAX_POSTBACK').html();if(!confirmation_content){confirmation_content = contents;}jQuery('#gform_wrapper_5').replaceWith(confirmation_content);jQuery(document).scrollTop(jQuery('#gf_5').offset().top - mt);jQuery(document).trigger('gform_confirmation_loaded', [5]);window['gf_submitting_5'] = false;wp.a11y.speak(jQuery('#gform_confirmation_message_5').text());}else{jQuery('#gform_5').append(contents);if(window['gformRedirect']) {gformRedirect();}}jQuery(document).trigger(\"gform_pre_post_render\", [{ formId: \"5\", currentPage: \"current_page\", abort: function() { this.preventDefault(); } }]);        if (event && event.defaultPrevented) {                return;        }        const gformWrapperDiv = document.getElementById( \"gform_wrapper_5\" );        if ( gformWrapperDiv ) {            const visibilitySpan = document.createElement( \"span\" );            visibilitySpan.id = \"gform_visibility_test_5\";            gformWrapperDiv.insertAdjacentElement( \"afterend\", visibilitySpan );        }        const visibilityTestDiv = document.getElementById( \"gform_visibility_test_5\" );        let postRenderFired = false;        function triggerPostRender() {            if ( postRenderFired ) {                return;            }            postRenderFired = true;            gform.core.triggerPostRenderEvents( 5, current_page );            if ( visibilityTestDiv ) {                visibilityTestDiv.parentNode.removeChild( visibilityTestDiv );            }        }        function debounce( func, wait, immediate ) {            var timeout;            return function() {                var context = this, args = arguments;                var later = function() {                    timeout = null;                    if ( !immediate ) func.apply( context, args );                };                var callNow = immediate && !timeout;                clearTimeout( timeout );                timeout = setTimeout( later, wait );                if ( callNow ) func.apply( context, args );            };        }        const debouncedTriggerPostRender = debounce( function() {            triggerPostRender();        }, 200 );        if ( visibilityTestDiv && visibilityTestDiv.offsetParent === null ) {            const observer = new MutationObserver( ( mutations ) => {                mutations.forEach( ( mutation ) => {                    if ( mutation.type === 'attributes' && visibilityTestDiv.offsetParent !== null ) {                        debouncedTriggerPostRender();                        observer.disconnect();                    }                });            });            observer.observe( document.body, {                attributes: true,                childList: false,                subtree: true,                attributeFilter: [ 'style', 'class' ],            });        } else {            triggerPostRender();        }    } );} );\n<\/script>\n<div class=\"vcex-spacing wpex-w-100 wpex-clear\" style=\"height:5vh;\"><\/div><style>.vcex-button.vcex_69f5be356626a{margin-block-end:20px;}<\/style><a href=\"#\" class=\"vcex-button theme-button inline vcex_69f5be356626a\"><span class=\"vcex-button-inner theme-button-inner wpex-flex wpex-flex-wrap wpex-items-center wpex-justify-center\"><span class=\"vcex-button-icon vcex-icon-wrap theme-button-icon-left\"><span class=\"wpex-icon\" aria-hidden=\"true\"><svg xmlns=\"http:\/\/www.w3.org\/2000\/svg\" viewBox=\"0 0 384 512\"><path d=\"M16 64C16 28.7 44.7 0 80 0H304c35.3 0 64 28.7 64 64V448c0 35.3-28.7 64-64 64H80c-35.3 0-64-28.7-64-64V64zM144 448c0 8.8 7.2 16 16 16h64c8.8 0 16-7.2 16-16s-7.2-16-16-16H160c-8.8 0-16 7.2-16 16zM304 64H80V384H304V64z\"\/><\/svg><\/span><\/span>+32 9 233 30 06<\/span><\/a> <style>.vcex-button.vcex_69f5be3566690{margin-block-end:20px;}<\/style><a href=\"#\" class=\"vcex-button theme-button inline vcex_69f5be3566690\"><span class=\"vcex-button-inner theme-button-inner wpex-flex wpex-flex-wrap wpex-items-center wpex-justify-center\"><span class=\"vcex-button-icon vcex-icon-wrap theme-button-icon-left\"><span class=\"wpex-icon\" aria-hidden=\"true\"><svg xmlns=\"http:\/\/www.w3.org\/2000\/svg\" viewBox=\"0 0 384 512\"><path d=\"M16 64C16 28.7 44.7 0 80 0H304c35.3 0 64 28.7 64 64V448c0 35.3-28.7 64-64 64H80c-35.3 0-64-28.7-64-64V64zM144 448c0 8.8 7.2 16 16 16h64c8.8 0 16-7.2 16-16s-7.2-16-16-16H160c-8.8 0-16 7.2-16 16zM304 64H80V384H304V64z\"\/><\/svg><\/span><\/span>+32 495 27 30 06<\/span><\/a> <style>.vcex-button.vcex_69f5be3566a61{margin-inline-end:5px;}.vcex-button.vcex_69f5be3566a61 .theme-button-icon-left{padding-inline-end:il;}<\/style><a href=\"mailto:f&#114;&#101;&#100;&#101;&#114;i&#107;&#064;&#105;d&#101;as&#104;&#097;&#112;ers&#046;&#101;&#117;\" class=\"vcex-button theme-button inline vcex_69f5be3566a61\"><span class=\"vcex-button-inner theme-button-inner wpex-flex wpex-flex-wrap wpex-items-center wpex-justify-center\"><span class=\"vcex-button-icon vcex-icon-wrap theme-button-icon-left\"><span class=\"wpex-icon\" aria-hidden=\"true\"><svg xmlns=\"http:\/\/www.w3.org\/2000\/svg\" viewBox=\"0 0 32 32\"><path d=\"M32 11.679v17.464q0 1.179-0.839 2.018t-2.018 0.839h-26.286q-1.179 0-2.018-0.839t-0.839-2.018v-17.464q0-0.268 0.196-0.429 0.143-0.125 0.696-0.616t0.741-0.643 0.813-0.67 1.25-0.991 1.714-1.304 2.563-1.911 3.438-2.509q0.089-0.071 0.938-0.714t1.277-0.938 1.143-0.625 1.232-0.33 1.232 0.33 1.161 0.634 1.268 0.929 0.929 0.714q1.964 1.429 3.438 2.509t2.563 1.911 1.714 1.304 1.25 0.991 0.813 0.67 0.741 0.643 0.696 0.616q0.196 0.161 0.196 0.429zM21.929 22.125q4.696-3.411 6.161-4.5 0.196-0.143 0.223-0.366t-0.116-0.42l-0.679-0.929q-0.143-0.196-0.375-0.223t-0.429 0.116q-4.125 3.018-6.125 4.464-0.089 0.054-0.929 0.696t-1.277 0.938-1.152 0.625-1.232 0.33-1.232-0.33-1.152-0.625-1.277-0.938-0.929-0.696q-3.321-2.393-6.125-4.464-0.196-0.143-0.429-0.116t-0.375 0.223l-0.679 0.929q-0.143 0.196-0.116 0.42t0.223 0.366q1.464 1.089 6.161 4.5 0.179 0.143 0.893 0.679t1.161 0.839 1.143 0.705 1.384 0.598 1.348 0.196 1.348-0.196 1.411-0.616 1.152-0.705 1.161-0.848 0.857-0.652z\"><\/path><\/svg><\/span><\/span>&#102;&#114;&#101;d&#101;ri&#107;&#64;i&#100;e&#97;sha&#112;er&#115;&#46;&#101;&#117;<\/span><\/a> <div class=\"vcex-spacing wpex-w-100 wpex-clear\" style=\"height:5vh;\"><\/div><a href=\"https:\/\/www.instagram.com\/idea_shapers_eu?igsh=MXV6b2ViYWFsNTBsNw%3D%3D&#038;utm_source=qr\" class=\"vcex-button theme-button inline\"><span class=\"vcex-button-inner theme-button-inner wpex-flex wpex-flex-wrap wpex-items-center wpex-justify-center\">idea_shapers_eu<\/span><\/a> <div class=\"vcex-spacing wpex-w-100 wpex-clear\" style=\"height:5vh;\"><\/div>[\/vc_column_inner][\/vc_row_inner][vc_row_inner el_id=\u00a0\u00bbsite-header-custom\u00a0\u00bb el_class=\u00a0\u00bbcontainer\u00a0\u00bb][vc_column_inner]<div class=\"vcex-spacing wpex-w-100 wpex-clear\" style=\"height:50px;\"><\/div><nav class=\"vcex-navbar vcex-module home_navigatie\"><div class=\"vcex-navbar-inner wpex-clr wpex-last-mr-0\"><a href=\"https:\/\/www.ideashapers.eu\/sample-page\/\" class=\"vcex-navbar-link vcex-navbar-link--2 wpex-inline-block wpex-float-left wpex-mr-5 wpex-mb-5 theme-txt-link\"><span class=\"vcex-navbar-link-text\">Home<\/span><\/a><a href=\"https:\/\/www.ideashapers.eu\/services\/\" class=\"vcex-navbar-link vcex-navbar-link--194 wpex-inline-block wpex-float-left wpex-mr-5 wpex-mb-5 theme-txt-link\"><span class=\"vcex-navbar-link-text\">Services<\/span><\/a><a href=\"https:\/\/www.ideashapers.eu\/about\/\" class=\"vcex-navbar-link vcex-navbar-link--585 wpex-inline-block wpex-float-left wpex-mr-5 wpex-mb-5 theme-txt-link\"><span class=\"vcex-navbar-link-text\">About<\/span><\/a><a href=\"https:\/\/www.ideashapers.eu\/portfolio\/\" class=\"vcex-navbar-link vcex-navbar-link--308 wpex-inline-block wpex-float-left wpex-mr-5 wpex-mb-5 theme-txt-link\"><span class=\"vcex-navbar-link-text\">Portfolio<\/span><\/a><a href=\"https:\/\/www.ideashapers.eu\/contact\/\" class=\"vcex-navbar-link vcex-navbar-link--346 wpex-inline-block wpex-float-left wpex-mr-5 wpex-mb-5 theme-txt-link\"><span class=\"vcex-navbar-link-text\">Contact<\/span><\/a><\/div><\/nav><div class=\"vcex-spacing wpex-w-100 wpex-clear\" style=\"height:70px;\"><\/div>[\/vc_column_inner][\/vc_row_inner]<div class=\"vcex-spacing wpex-w-100 wpex-clear\" style=\"height:50px;\"><\/div>[\/vc_column][\/vc_row]\n<\/div>","protected":false},"excerpt":{"rendered":"<p>[vc_row el_class=\u00a0\u00bbcolor-mobile\u00a0\u00bb][vc_column width=\u00a0\u00bb3\/5&Prime;][\/vc_column][vc_column width=\u00a0\u00bb2\/5&Prime;][\/vc_column][\/vc_row][vc_row full_width=\u00a0\u00bbstretch_row_content\u00a0\u00bb column_spacing=\u00a0\u00bb0px\u00a0\u00bb full_height=\u00a0\u00bbyes\u00a0\u00bb columns_placement=\u00a0\u00bbstretch\u00a0\u00bb equal_height=\u00a0\u00bbyes\u00a0\u00bb remove_bottom_col_margin=\u00a0\u00bbtrue\u00a0\u00bb][vc_column width=\u00a0\u00bb3\/5&Prime; css=\u00a0\u00bb.vc_custom_1602340757563{background-image: url(https:\/\/www.ideashapers.eu\/wp-content\/uploads\/2020\/10\/kobu-agency-o8ZesB0MLFo-unsplash-scaled.jpg?id=359) !important;background-position: center !important;background-repeat: no-repeat !important;background-size: cover !important;}\u00a0\u00bb wpex_bg_position=\u00a0\u00bbright center\u00a0\u00bb][\/vc_column][vc_column width=\u00a0\u00bb2\/5&Prime;][vc_row_inner el_class=\u00a0\u00bbid-rounded-shape\u00a0\u00bb][vc_column_inner][vc_column_text font_weight=\u00a0\u00bb400&Prime;] Vous \u00eates une entreprise bas\u00e9e en Belgique ou aux Pays-Bas\u00a0? Nous vous aidons dans la gestion et la mise en \u0153uvre de tous vos projets qui impliquent du design visuel,&hellip;<\/p>\n","protected":false},"author":1,"featured_media":0,"parent":0,"menu_order":0,"comment_status":"closed","ping_status":"open","template":"","meta":{"_seopress_robots_primary_cat":"","_seopress_titles_title":"","_seopress_titles_desc":"Ideashapers collabore de pr\u00e8s avec votre \u00e9quipe ! Demandez-nous de d\u00e9velopper vos id\u00e9es marcom, \u00e9v\u00e9nements ou autres projets pour renforcer votre corporate identity.","_seopress_robots_index":"","footnotes":""},"class_list":["post-1100","page","type-page","status-publish","hentry","entry","no-media"],"_links":{"self":[{"href":"https:\/\/www.ideashapers.eu\/fr\/wp-json\/wp\/v2\/pages\/1100","targetHints":{"allow":["GET"]}}],"collection":[{"href":"https:\/\/www.ideashapers.eu\/fr\/wp-json\/wp\/v2\/pages"}],"about":[{"href":"https:\/\/www.ideashapers.eu\/fr\/wp-json\/wp\/v2\/types\/page"}],"author":[{"embeddable":true,"href":"https:\/\/www.ideashapers.eu\/fr\/wp-json\/wp\/v2\/users\/1"}],"replies":[{"embeddable":true,"href":"https:\/\/www.ideashapers.eu\/fr\/wp-json\/wp\/v2\/comments?post=1100"}],"version-history":[{"count":8,"href":"https:\/\/www.ideashapers.eu\/fr\/wp-json\/wp\/v2\/pages\/1100\/revisions"}],"predecessor-version":[{"id":1946,"href":"https:\/\/www.ideashapers.eu\/fr\/wp-json\/wp\/v2\/pages\/1100\/revisions\/1946"}],"wp:attachment":[{"href":"https:\/\/www.ideashapers.eu\/fr\/wp-json\/wp\/v2\/media?parent=1100"}],"curies":[{"name":"wp","href":"https:\/\/api.w.org\/{rel}","templated":true}]}}