{"id":1096,"date":"2020-10-05T11:07:09","date_gmt":"2020-10-05T11:07:09","guid":{"rendered":"http:\/\/www.ideashapers.eu\/about\/"},"modified":"2026-04-20T08:38:42","modified_gmt":"2026-04-20T08:38:42","slug":"about","status":"publish","type":"page","link":"https:\/\/www.ideashapers.eu\/fr\/about\/","title":{"rendered":"A propos"},"content":{"rendered":"<div class=\"wpb-content-wrapper\">[vc_row full_width=\u00a0\u00bbstretch_row\u00a0\u00bb remove_bottom_col_margin=\u00a0\u00bbtrue\u00a0\u00bb css=\u00a0\u00bb.vc_custom_1604486091798{padding-top: 5vh !important;padding-bottom: 5vh !important;}\u00a0\u00bb el_class=\u00a0\u00bbcolor-mobile\u00a0\u00bb][vc_column width=\u00a0\u00bb1\/2&Prime;]<h2 class=\"vcex-heading vcex-heading-plain vcex-module wpex-heading wpex-text-2xl dotted\"><span class=\"vcex-heading-inner wpex-block\"><span class=\"wpex-responsive-txt\" data-max-font-size=\"32\" data-data-min-font-size=\"26\">Shaping ideas to perfection<\/span><\/span><\/h2>[\/vc_column][vc_column width=\u00a0\u00bb1\/2&Prime;][vc_column_text css=\u00a0\u00bb\u00a0\u00bb]Donner vie \u00e0 de beaux projets. Voil\u00e0 l\u2019essentiel. \u00c0 partir de l\u00e0, nous transformons les id\u00e9es en concepts coh\u00e9rents et soigneusement \u00e9labor\u00e9s. Nous encourageons nos clients \u00e0 se pencher d\u00e8s le d\u00e9part sur le plan de leur \u00e9v\u00e9nement.[\/vc_column_text][\/vc_column][\/vc_row][vc_row full_width=\u00a0\u00bbstretch_row\u00a0\u00bb css=\u00a0\u00bb.vc_custom_1602076027560{background-image: url(https:\/\/www.ideashapers.eu\/wp-content\/uploads\/2020\/10\/about-bg-2.jpg?id=654) !important;background-position: center !important;background-repeat: no-repeat !important;background-size: cover !important;}\u00a0\u00bb wpex_bg_position=\u00a0\u00bbcenter 40%\u00a0\u00bb][vc_column el_class=\u00a0\u00bbshape-about\u00a0\u00bb]<div class=\"vcex-spacing wpex-w-100 wpex-clear\" style=\"height:20px;\"><\/div><div class=\"vcex-spacing wpex-w-100 wpex-clear\" style=\"height:20px;\"><\/div><style>.vcex-heading.vcex_69ee37019207e{color:#353839;}<\/style><h2 class=\"vcex-heading vcex-heading-plain vcex-module wpex-heading wpex-text-2xl vcex_69ee37019207e\"><span class=\"vcex-heading-inner wpex-inline-block\">Le venue dressing comme processus<\/span><\/h2><div class=\"vcex-spacing wpex-w-100 wpex-clear\" style=\"height:10px;\"><\/div>[vc_column_text css=\u00a0\u00bb\u00a0\u00bb]\n<p data-start=\"1310\" data-end=\"1444\">Le venue dressing d\u00e9passe la simple mise en place d\u2019un espace. Il s\u2019agit d\u2019orchestrer les \u00e9l\u00e9ments et de poser les bons accents.\u00a0Nous explorons les options, faisons des choix pr\u00e9cis et imaginons le parcours de l\u2019\u00e9v\u00e9nement, afin de cr\u00e9er un ensemble coh\u00e9rent, fluide et fonctionnel.<\/p>\n[\/vc_column_text]<div class=\"vcex-spacing wpex-w-100 wpex-clear\" style=\"height:20px;\"><\/div><style>.vcex-heading.vcex_69ee3701925b0{color:#353839;}<\/style><h2 class=\"vcex-heading vcex-heading-plain vcex-module wpex-heading wpex-text-2xl vcex_69ee3701925b0\"><span class=\"vcex-heading-inner wpex-inline-block\">De l\u2019id\u00e9e \u00e0 un environnement qui fait sens<\/span><\/h2><div class=\"vcex-spacing wpex-w-100 wpex-clear\" style=\"height:10px;\"><\/div>[vc_column_text css=\u00a0\u00bb\u00a0\u00bb]\n<p data-start=\"752\" data-end=\"909\">Chaque \u00e9v\u00e9nement na\u00eet d\u2019une id\u00e9e \u2014 parfois bien d\u00e9finie, parfois encore en construction. Chez ideashapers, nous en faisons toujours le point de d\u00e9part. Nous explorons les possibilit\u00e9s, ajustons les choix et affinons les d\u00e9tails pour am\u00e9liorer la fluidit\u00e9 du parcours. De cette mani\u00e8re, nous enrichissons le concept initial, dans les limites de ce qui est juste et r\u00e9alisable.<\/p>\n[\/vc_column_text]<div class=\"vcex-spacing wpex-w-100 wpex-clear\" style=\"height:20px;\"><\/div><div class=\"vcex-heading vcex-heading-plain vcex-module wpex-heading wpex-text-2xl\"><span class=\"vcex-heading-inner wpex-inline-block\">Quand les id\u00e9es perdent en intensit\u00e9<\/span><\/div><div class=\"vcex-spacing wpex-w-100 wpex-clear\" style=\"height:10px;\"><\/div>[vc_column_text css=\u00a0\u00bb\u00a0\u00bb]\n<p data-start=\"202\" data-end=\"567\">Trop souvent, des concepts forts s\u2019estompent sous l\u2019effet de choix logistiques.<br data-start=\"283\" data-end=\"286\" \/>Par facilit\u00e9, on opte pour le mobilier et la d\u00e9coration standard du traiteur ou du lieu. Les solutions techniques convenues s\u2019imposent : une jupe de sc\u00e8ne noire, un \u00e9cran de retour pour les intervenants, des c\u00e2bles apparents.\u00a0Autant de d\u00e9tails qui ne nous enthousiasment pas.<\/p>\n<p data-start=\"202\" data-end=\"567\">Visons ensemble ce suppl\u00e9ment d\u2019\u00e2me \u2014 des d\u00e9tails qui font la diff\u00e9rence et qui restent.<\/p>\n[\/vc_column_text]<div class=\"vcex-spacing wpex-w-100 wpex-clear\" style=\"height:20px;\"><\/div><div class=\"vcex-heading vcex-heading-plain vcex-module wpex-heading wpex-text-2xl\"><span class=\"vcex-heading-inner wpex-inline-block\">Ce que cela change pour vous :<\/span><\/div><div class=\"vcex-spacing wpex-w-100 wpex-clear\" style=\"height:10px;\"><\/div>[vc_column_text css=\u00a0\u00bb\u00a0\u00bb]\u2022 s\u2019\u00e9loigner des configurations standards, tout en gardant la libert\u00e9 d\u2019exprimer votre signature<br data-start=\"854\" data-end=\"857\" \/>\u2022 confier l\u2019esth\u00e9tique globale \u00e0 un sp\u00e9cialiste<br data-start=\"904\" data-end=\"907\" \/>\u2022 vous concentrer sur vos invit\u00e9s, vos intervenants et votre contenu<br data-start=\"975\" data-end=\"978\" \/>\u2022 transformer un lieu g\u00e9n\u00e9rique en un environnement distinctif<br data-start=\"1040\" data-end=\"1043\" \/>\u2022 faire vivre votre identit\u00e9 de marque \u00e0 travers l\u2019espace, de mani\u00e8re coh\u00e9rente et r\u00e9fl\u00e9chie[\/vc_column_text]<div class=\"vcex-spacing wpex-w-100 wpex-clear\" style=\"height:50px;\"><\/div><a href=\"\/fr\/contact\/\" class=\"vcex-button theme-button inline\"><span class=\"vcex-button-inner theme-button-inner wpex-flex wpex-flex-wrap wpex-items-center wpex-justify-center\">Let&rsquo;s call!<\/span><\/a> <div class=\"vcex-spacing wpex-w-100 wpex-clear\" style=\"height:20px;\"><\/div>[\/vc_column][\/vc_row]\n<\/div>","protected":false},"excerpt":{"rendered":"<p>[vc_row full_width=\u00a0\u00bbstretch_row\u00a0\u00bb remove_bottom_col_margin=\u00a0\u00bbtrue\u00a0\u00bb css=\u00a0\u00bb.vc_custom_1604486091798{padding-top: 5vh !important;padding-bottom: 5vh !important;}\u00a0\u00bb el_class=\u00a0\u00bbcolor-mobile\u00a0\u00bb][vc_column width=\u00a0\u00bb1\/2&Prime;][\/vc_column][vc_column width=\u00a0\u00bb1\/2&Prime;][vc_column_text css=\u00a0\u00bb\u00a0\u00bb]Donner vie \u00e0 de beaux projets. Voil\u00e0 l\u2019essentiel. \u00c0 partir de l\u00e0, nous transformons les id\u00e9es en concepts coh\u00e9rents et soigneusement \u00e9labor\u00e9s. Nous encourageons nos clients \u00e0 se pencher d\u00e8s le d\u00e9part sur le plan de leur \u00e9v\u00e9nement.[\/vc_column_text][\/vc_column][\/vc_row][vc_row full_width=\u00a0\u00bbstretch_row\u00a0\u00bb css=\u00a0\u00bb.vc_custom_1602076027560{background-image: url(https:\/\/www.ideashapers.eu\/wp-content\/uploads\/2020\/10\/about-bg-2.jpg?id=654) !important;background-position: center !important;background-repeat:&hellip;<\/p>\n","protected":false},"author":1,"featured_media":0,"parent":0,"menu_order":0,"comment_status":"closed","ping_status":"open","template":"","meta":{"_seopress_robots_primary_cat":"","_seopress_titles_title":"","_seopress_titles_desc":"Ideashapers collabore de pr\u00e8s avec votre \u00e9quipe ! Demandez-nous de d\u00e9velopper vos id\u00e9es marcom, \u00e9v\u00e9nements ou autres projets pour renforcer votre corporate identity.","_seopress_robots_index":"","footnotes":""},"class_list":["post-1096","page","type-page","status-publish","hentry","entry","no-media"],"_links":{"self":[{"href":"https:\/\/www.ideashapers.eu\/fr\/wp-json\/wp\/v2\/pages\/1096","targetHints":{"allow":["GET"]}}],"collection":[{"href":"https:\/\/www.ideashapers.eu\/fr\/wp-json\/wp\/v2\/pages"}],"about":[{"href":"https:\/\/www.ideashapers.eu\/fr\/wp-json\/wp\/v2\/types\/page"}],"author":[{"embeddable":true,"href":"https:\/\/www.ideashapers.eu\/fr\/wp-json\/wp\/v2\/users\/1"}],"replies":[{"embeddable":true,"href":"https:\/\/www.ideashapers.eu\/fr\/wp-json\/wp\/v2\/comments?post=1096"}],"version-history":[{"count":14,"href":"https:\/\/www.ideashapers.eu\/fr\/wp-json\/wp\/v2\/pages\/1096\/revisions"}],"predecessor-version":[{"id":1943,"href":"https:\/\/www.ideashapers.eu\/fr\/wp-json\/wp\/v2\/pages\/1096\/revisions\/1943"}],"wp:attachment":[{"href":"https:\/\/www.ideashapers.eu\/fr\/wp-json\/wp\/v2\/media?parent=1096"}],"curies":[{"name":"wp","href":"https:\/\/api.w.org\/{rel}","templated":true}]}}